{"id":131,"date":"2023-01-08T22:40:02","date_gmt":"2023-01-08T21:40:02","guid":{"rendered":"http:\/\/karinebalavoine.fr\/?page_id=131"},"modified":"2023-09-24T22:22:40","modified_gmt":"2023-09-24T20:22:40","slug":"qui-suis-je","status":"publish","type":"page","link":"https:\/\/karinebalavoine.fr\/index.php\/qui-suis-je\/","title":{"rendered":"Qui suis-je ?"},"content":{"rendered":"\n<div class=\"wp-block-group has-vertical-secondary-to-background-gradient-background has-background is-content-justification-left is-layout-constrained wp-container-core-group-is-layout-12dd3699 wp-block-group-is-layout-constrained\" style=\"border-width:1px\">\n<p>Psychologue depuis 2000, j&rsquo;ai exerc\u00e9 en :<\/p>\n\n\n\n<ul class=\"wp-block-list\">\n<li>Centre Hospitalier Sp\u00e9cialis\u00e9 (CMP et h\u00f4pitaux de jour)<\/li>\n\n\n\n<li>Etablissements M\u00e9dico-Sociaux (EHPAD, Accueil de Jour Alzheimer, ESAT, Foyer de vie)<\/li>\n\n\n\n<li>Soci\u00e9t\u00e9 d&rsquo;Aide aux Victimes d&rsquo;Agression dans un cadre professionnel<\/li>\n<\/ul>\n\n\n\n<p class=\"has-text-align-left\">J&rsquo;ai accompagn\u00e9 un public d&rsquo;adultes et d&rsquo;adolescents sur des probl\u00e9matiques tr\u00e8s vari\u00e9es :<br>troubles psychiques, d\u00e9pression, deuil, handicap, \u00e9puisement professionnel, maladies neuro-\u00e9volutives (Alzheimer et apparent\u00e9es), fin de vie, traumatisme\u2026<\/p>\n\n\n\n<p>J&rsquo;ai effectu\u00e9 diff\u00e9rentes missions :<\/p>\n\n\n\n<ul class=\"wp-block-list\">\n<li>\u00e9valuation<\/li>\n\n\n\n<li>soutien et suivi psychoth\u00e9rapique de patients, de r\u00e9sidents, de leurs aidants familiaux, de professionnels d&rsquo;\u00e9tablissements<\/li>\n\n\n\n<li>travail institutionnel<\/li>\n<\/ul>\n\n\n\n<p class=\"has-large-font-size\" style=\"font-style:normal;font-weight:300\">Mes dipl\u00f4mes <\/p>\n\n\n\n<ul class=\"wp-block-list\">\n<li>DESS Psychologie Clinique et Pathologique (Universit\u00e9 Bordeaux II)<\/li>\n\n\n\n<li>DU d&rsquo;Etude Interdisciplinaire de la Famille <\/li>\n\n\n\n<li>DU Psychog\u00e9rontologie Clinique et Pathologique<\/li>\n\n\n\n<li>DU Soins Palliatifs et d&rsquo;Accompagnement (Universit\u00e9 Paris XI)<\/li>\n<\/ul>\n\n\n\n<p class=\"has-large-font-size\" style=\"font-style:normal;font-weight:300\">Formations compl\u00e9mentaires<\/p>\n\n\n\n<ul class=\"wp-block-list\">\n<li>L&rsquo;adolescence : pr\u00e9vention et soin (SOFOR 33)<\/li>\n\n\n\n<li>Les psychoth\u00e9rapies \u00e0 l&rsquo;adolescence (Universit\u00e9 Paris 7)<\/li>\n\n\n\n<li>Prise en charge des troubles psychopathologiques en ESAT (ARSSEA Toulouse)<\/li>\n\n\n\n<li>Autisme et communication (Adapei 31)<\/li>\n\n\n\n<li>Formation EMDR (EFPE Toulouse)<\/li>\n<\/ul>\n\n\n\n<figure class=\"wp-block-gallery aligncenter has-nested-images columns-default is-cropped wp-block-gallery-1 is-layout-flex wp-block-gallery-is-layout-flex\">\n<figure class=\"wp-block-image size-large\"><img loading=\"lazy\" decoding=\"async\" width=\"844\" height=\"1024\" data-id=\"370\" src=\"https:\/\/karinebalavoine.fr\/wp-content\/uploads\/2023\/09\/IMG_20230924_221907-844x1024.jpg\" alt=\"\" class=\"wp-image-370\" srcset=\"https:\/\/karinebalavoine.fr\/wp-content\/uploads\/2023\/09\/IMG_20230924_221907-844x1024.jpg 844w, https:\/\/karinebalavoine.fr\/wp-content\/uploads\/2023\/09\/IMG_20230924_221907-247x300.jpg 247w, https:\/\/karinebalavoine.fr\/wp-content\/uploads\/2023\/09\/IMG_20230924_221907-768x931.jpg 768w, https:\/\/karinebalavoine.fr\/wp-content\/uploads\/2023\/09\/IMG_20230924_221907-1267x1536.jpg 1267w, https:\/\/karinebalavoine.fr\/wp-content\/uploads\/2023\/09\/IMG_20230924_221907-1689x2048.jpg 1689w\" sizes=\"auto, (max-width: 844px) 100vw, 844px\" \/><\/figure>\n<\/figure>\n\n\n\n<ul class=\"wp-block-list\">\n<li><strong>Psychologue Clinicienne<\/strong> (inscrite au r\u00e9pertoire ADELI)<\/li>\n\n\n\n<li><strong>Psychoth\u00e9rapeute<\/strong> (inscrite au registre national de l&rsquo;ARS)<\/li>\n\n\n\n<li><strong>Praticienne EMDR<\/strong> (adh\u00e9rente EMDR France)<\/li>\n<\/ul>\n<\/div>\n","protected":false},"excerpt":{"rendered":"<p>Psychologue depuis 2000, j&rsquo;ai exerc\u00e9 en : J&rsquo;ai accompagn\u00e9 un public d&rsquo;adultes et d&rsquo;adolescents sur des probl\u00e9matiques tr\u00e8s vari\u00e9es :troubles psychiques, d\u00e9pression, deuil, handicap, \u00e9puisement professionnel, maladies neuro-\u00e9volutives (Alzheimer et apparent\u00e9es), fin de vie, traumatisme\u2026 J&rsquo;ai effectu\u00e9 diff\u00e9rentes missions : Mes dipl\u00f4mes Formations compl\u00e9mentaires<\/p>\n","protected":false},"author":1,"featured_media":0,"parent":0,"menu_order":1,"comment_status":"closed","ping_status":"closed","template":"","meta":{"footnotes":""},"class_list":["post-131","page","type-page","status-publish","hentry"],"_links":{"self":[{"href":"https:\/\/karinebalavoine.fr\/index.php\/wp-json\/wp\/v2\/pages\/131","targetHints":{"allow":["GET"]}}],"collection":[{"href":"https:\/\/karinebalavoine.fr\/index.php\/wp-json\/wp\/v2\/pages"}],"about":[{"href":"https:\/\/karinebalavoine.fr\/index.php\/wp-json\/wp\/v2\/types\/page"}],"author":[{"embeddable":true,"href":"https:\/\/karinebalavoine.fr\/index.php\/wp-json\/wp\/v2\/users\/1"}],"replies":[{"embeddable":true,"href":"https:\/\/karinebalavoine.fr\/index.php\/wp-json\/wp\/v2\/comments?post=131"}],"version-history":[{"count":14,"href":"https:\/\/karinebalavoine.fr\/index.php\/wp-json\/wp\/v2\/pages\/131\/revisions"}],"predecessor-version":[{"id":372,"href":"https:\/\/karinebalavoine.fr\/index.php\/wp-json\/wp\/v2\/pages\/131\/revisions\/372"}],"wp:attachment":[{"href":"https:\/\/karinebalavoine.fr\/index.php\/wp-json\/wp\/v2\/media?parent=131"}],"curies":[{"name":"wp","href":"https:\/\/api.w.org\/{rel}","templated":true}]}}